{"id":1214,"date":"2009-11-17T12:26:24","date_gmt":"2009-11-17T11:26:24","guid":{"rendered":"http:\/\/www.petera.se\/blog\/?page_id=1214"},"modified":"2010-01-31T19:21:55","modified_gmt":"2010-01-31T18:21:55","slug":"delkurs-b-2-sociologisk-metod","status":"publish","type":"page","link":"https:\/\/www.petera.se\/blog\/sociologi-mittuniversitetet\/sociologi-gr-b-2009\/delkurs-b-2-sociologisk-metod","title":{"rendered":"Delkurs B-2: Sociologisk metod"},"content":{"rendered":"<p>M\u00e5let med delkursen \u00e4r att ge f\u00f6rdjupade kunskaper och f\u00e4rdigheter om forskningsprocessens olika delar med inriktning mor kvalitativa analys- och tolkningsmetoder. Eftersom metod handlar &#8221;hur man g\u00f6r&#8221; i det praktiska forskningsarbetet ska vi under kursen\u00a0l\u00e4ra k\u00e4nna och tr\u00e4na\u00a0oss p\u00e5 att arbeta med kvalitativa metoder av olika slag. Uppgifterna p\u00e5 kursen kommer att handla om att vi med hj\u00e4lp av olika metoder ska studera ett valfritt sociologiskt fenomen. Det blir sp\u00e4nnande. Jag har redan b\u00f6rjat fundera p\u00e5 studie\u00e4mne. Tror att det f\u00e5r handla om n\u00e5got p\u00e5 jobbet,\u00a0makt och \u00f6vervakning, delaktighet och utanf\u00f6rskap eller liknande.<\/p>\n<p>Delkursen \u00e4r upplagd med fyra olika steg, men som handlar om en och samma uppgift. De bildar naturliga steg i ett forskningsarbete med kvalitativ datainsamling och analys som\u00a0metod. Det inneb\u00e4r intervjuer och f\u00e4rre respondenter \u00e4n f\u00f6rra \u00e5rets toalettst\u00e4dningsunders\u00f6kning.<\/p>\n<hr \/>\n<p><strong>Uppgift: <\/strong>Genomf\u00f6r en strukturerad observation av det sociala fenomen du vill studera under kursen. Besvara f\u00f6ljande fr\u00e5gor:<br \/>\n1. Beskriv hur du gick tillv\u00e4ga i insamlandet och varf\u00f6r du valde att g\u00f6ra s\u00e5.<br \/>\n2. vad kom du fram till?<br \/>\n3. vilka f\u00f6r- och nackdelar ser du med observationen som vetenskaplig metod?<br \/>\nMax 3 sidor.<\/p>\n<p><strong>Svar:<\/strong> <a href=\"https:\/\/www.petera.se\/blog\/wp-content\/uploads\/2009\/11\/Delkurs2-Inl\u00e4mningsuppgift-1-Bloggbes\u00f6karbeteenden-RevA.pdf\">Bloggbes\u00f6karbeteenden.pdf<\/a><\/p>\n<p><strong>Betyg: <\/strong><span style=\"color: #008000;\">A.<span style=\"color: #000000;\"> <\/span><span style=\"color: #000000;\">Hej Peter, Nu har jag tittat p\u00e5 din uppgift och du har gjort ett j\u00e4ttebra jobb! Vad kul! Du har en bra koppling till litteraturen men visar samtidigt att du kan f\u00f6rh\u00e5lla dig sj\u00e4lvst\u00e4ndigt gentemot den. Din forskningsdesign \u00e4r genomt\u00e4nkt och sj\u00e4lvst\u00e4ndig \u00e4ven den. \u00d6verhuvudtaget v\u00e4ldigt proffsigt! mvh Ulrika<\/span><\/span><\/p>\n<hr \/>\n<p>Genomf\u00f6r en dokumentstudie av det sociala fenomen du valt att f\u00f6rdjupa dig i och genomf\u00f6r en deduktiv och en induktiv analys.<br \/>\n1. redog\u00f6r kortfattat f\u00f6r dina data och motivera varf\u00f6r du valt att studera just dem.<br \/>\n2. beskriv de olika resultat dina analyser ger.<br \/>\n3. diskutera de eventuella skillnader i resultat som analyserna (inte) ger.<\/p>\n<p>Max 3 sidor exklusive f\u00f6rs\u00e4ttsbald och referenser.<\/p>\n<p><strong>Svar: <\/strong>Jag l\u00e4mnade tv\u00e5 dokument denna g\u00e5ng. Dels <a href=\"https:\/\/www.petera.se\/blog\/wp-content\/uploads\/2009\/11\/Delkurs2-Inl\u00e4mningsuppgift-2-Bloggbes\u00f6karbeteenden-RevA.pdf\">Dokumentstudie.pdf<\/a> och dels\u00a0 <a href=\"https:\/\/www.petera.se\/blog\/wp-content\/uploads\/2009\/11\/Delkurs2-Inl\u00e4mningsuppgift-2-Bloggbes\u00f6karbeteenden-Bilaga-1-Analyser-RevA.pdf\">Bilaga 1.pdf<\/a>. Det f\u00f6rsta dokumentet inneh\u00e5ller svaren p\u00e5 fr\u00e5gorna och det andra dokumentet \u00e4r de deduktiva och induktiva analyserna.<\/p>\n<p><strong>Betyg:\u00a0<span style=\"color: #008000;\">B. <\/span><\/strong>Hej Peter, jadu, alla s\u00e4tt \u00e4r bra utom de d\u00e5liga! :) Jag har nu tittat p\u00e5 din uppgift och du \u00e4r godk\u00e4nd. Din metod \u00e4r genomt\u00e4nkt och noggran utf\u00f6rd och du visar att du kan f\u00f6rh\u00e5lla dig sj\u00e4lvst\u00e4ndigt till dina metoder. Det \u00e4r kul att f\u00f6lja din uppt\u00e4cktsf\u00e4rd \u00e4ven om du ibland har lite m\u00e5nga, om \u00e4n roliga, ord. Du visar ocks\u00e5 att du kan f\u00f6rh\u00e5lla dig kritiskt till kurslitteraturen.<br \/>\nMycket bra!<br \/>\nmvh<br \/>\nUlrika<\/p>\n<hr \/>\n<p>Genomf\u00f6r 1-2 intervjuer med personer\/grupper som kan hj\u00e4lpa dig att f\u00e5 kunskap om din fr\u00e5gest\u00e4llning.<br \/>\n1. beskriv och motivera ditt val av metod.<br \/>\n2. vad visar din analys?<br \/>\n3. diskutera etiska f\u00f6r- och nackdelar med det tillv\u00e4gag\u00e5ngss\u00e4tt du har valt.<br \/>\nMax 3 sidor<br \/>\nIntervjuguide och transkriberade intervjuer bifogas!<\/p>\n<p><strong>Svar: <\/strong>Jag l\u00e4mnade tv\u00e5 dokument denna g\u00e5ng. Dels\u00a0<a href=\"https:\/\/www.petera.se\/blog\/wp-content\/uploads\/2009\/11\/Delkurs2-Inl\u00e4mningsuppgift-3-Bloggbes\u00f6karbeteenden-RevA.pdf\">sammanfattning och analys<\/a> och dels intervjutranskriberingen.<\/p>\n<p><strong>Betyg:\u00a0<span style=\"color: #008000;\">A<\/span>. <\/strong>Hej Peter, jag har nu tittat p\u00e5 uppgiften och du \u00e4r godk\u00e4nd. Det var extra kul att l\u00e4sa din uppgift eftersom jag just examinerat en C-uppsats d\u00e4r f\u00f6rfattaren anv\u00e4nt Goffman p\u00e5 just bloggar. Du g\u00f6r en bra analys \u00e4ven om jag g\u00e4rna hade sett tydligare exempel p\u00e5 vad du bygger dina slutsatser p\u00e5., t ex citat fr\u00e5n intervjuerna. Texten \u00e4r v\u00e4lskriven och jag ser att du f\u00f6rh\u00e5ller dig sj\u00e4lvst\u00e4ndigt till metod som verktyg och inte en oveders\u00e4glig lag. Jag tycker ocks\u00e5 om att du har med en teori i analysen.<\/p>\n<p>Bra jobbat!<br \/>\nmvh<br \/>\nUlrika<\/p>\n<hr \/>\n<p>Du har nu samlat in och analyserat data genom olika metoder.<br \/>\n1. p\u00e5 vilket s\u00e4tt skiljer sig resultaten fr\u00e5n de olika delstudierna \u00e5t? Vad beror dessa skillnader p\u00e5? Diskutera f\u00f6r- och nackdelar med att anv\u00e4nda sig av olika insamlingsmetoder i en unders\u00f6kning.<br \/>\n2. vad betyder dina resultat? Tolka dina resultat med hj\u00e4lp av valfri teori fr\u00e5n delkurs 1<br \/>\n3. om du hade f\u00e5tt g\u00f6ra om dina datainsamlingar igen &#8211; vad hade du gjort annorlunda?<br \/>\nMax 4 sidor!<\/p>\n<p><strong>Svar:<\/strong> Efter mycket trixande fick jag plats med alla tankar p\u00e5 fyra sidor p\u00e5 ett f\u00f6rs\u00e4ttsblad och en referenssida &#8211; l\u00e4s <a href=\"https:\/\/www.petera.se\/blog\/wp-content\/uploads\/2009\/11\/Delkurs-2-Inl\u00e4mningsuppgift-4-Slutsatser-RevA.pdf\">rapporten<\/a>.<\/p>\n<p><strong>Betyg: <span style=\"color: #008000;\">B.<\/span><\/strong> Hej Peter, och kul att h\u00f6ra att du tycker kursen har varit givande! Du visar att du f\u00f6rst\u00e5r po\u00e4ngen med olika metoder utan att f\u00f6r den skull vara omedveten om nackdelarna. Din analys \u00e4r bra och du visar att du har l\u00e4rt dig hur kvalitativ forskning bedrivs, genom att fundera \u00f6ver vad du hade kunnat g\u00f6ra annorlunda om du skulle f\u00e5 g\u00f6ra om det hela.\u00a0Mycket bra!<\/p>\n<p>mvh<br \/>\nUlrika<\/p>\n","protected":false},"excerpt":{"rendered":"<p>M\u00e5let med delkursen \u00e4r att ge f\u00f6rdjupade kunskaper och f\u00e4rdigheter om forskningsprocessens olika delar med inriktning mor kvalitativa analys- och tolkningsmetoder. Eftersom metod handlar &#8221;hur man g\u00f6r&#8221; i det praktiska forskningsarbetet ska vi under kursen\u00a0l\u00e4ra k\u00e4nna och tr\u00e4na\u00a0oss p\u00e5 att arbeta med kvalitativa metoder av olika slag. Uppgifterna p\u00e5 kursen kommer att handla om att&hellip;<\/p>\n","protected":false},"author":2,"featured_media":0,"parent":1091,"menu_order":0,"comment_status":"open","ping_status":"open","template":"document-page.php","meta":{"ngg_post_thumbnail":0,"footnotes":""},"class_list":["post-1214","page","type-page","status-publish","hentry"],"aioseo_notices":[],"_links":{"self":[{"href":"https:\/\/www.petera.se\/blog\/wp-json\/wp\/v2\/pages\/1214","targetHints":{"allow":["GET"]}}],"collection":[{"href":"https:\/\/www.petera.se\/blog\/wp-json\/wp\/v2\/pages"}],"about":[{"href":"https:\/\/www.petera.se\/blog\/wp-json\/wp\/v2\/types\/page"}],"author":[{"embeddable":true,"href":"https:\/\/www.petera.se\/blog\/wp-json\/wp\/v2\/users\/2"}],"replies":[{"embeddable":true,"href":"https:\/\/www.petera.se\/blog\/wp-json\/wp\/v2\/comments?post=1214"}],"version-history":[{"count":11,"href":"https:\/\/www.petera.se\/blog\/wp-json\/wp\/v2\/pages\/1214\/revisions"}],"predecessor-version":[{"id":1221,"href":"https:\/\/www.petera.se\/blog\/wp-json\/wp\/v2\/pages\/1214\/revisions\/1221"}],"up":[{"embeddable":true,"href":"https:\/\/www.petera.se\/blog\/wp-json\/wp\/v2\/pages\/1091"}],"wp:attachment":[{"href":"https:\/\/www.petera.se\/blog\/wp-json\/wp\/v2\/media?parent=1214"}],"curies":[{"name":"wp","href":"https:\/\/api.w.org\/{rel}","templated":true}]}}