{"id":243,"date":"2008-09-10T21:00:33","date_gmt":"2008-09-10T19:00:33","guid":{"rendered":"http:\/\/www.petera.se\/blog\/?page_id=243"},"modified":"2008-09-10T21:48:24","modified_gmt":"2008-09-10T19:48:24","slug":"galleri-italien-2008","status":"publish","type":"page","link":"https:\/\/www.petera.se\/blog\/galleri-italien-2008","title":{"rendered":"Galleri: Italien 2008"},"content":{"rendered":"<p>I juli 2008 var hela familjen\u00a0p\u00e5 semester i Italien. Vi b\u00f6rjade med tv\u00e5 veckor p\u00e5 en bondg\u00e5rd i Tignano som ligger i norra Toscana, \u00e5tta mil fr\u00e5n Florens, strax utanf\u00f6r en liten by som heter Casole d&#8217;Elsa. Det var helt suver\u00e4nt! Stor pool p\u00e5 g\u00e5rden med solstolar och gr\u00e4s och sm\u00e5kryp runtomkring :) Solstolar f\u00f6r de l\u00e4sande vuxna och gr\u00e4s och sm\u00e5kryp f\u00f6r de aktivitetsintresserade barnen. F\u00e4rgbilderna \u00e4r fr\u00e5n Tignano.<\/p>\n<p>Vi avslutade resan med fyra dagar\u00a0i Rom. Semester i storstad \u00e4r alltid speciellt, men med barn blir det annorlunda. Colloseum, Forum, Vatikanen, alla gick de bort. Vi lade mer tid\u00a0p\u00e5 shopping och mat och glass. Vi hann med en tur till djurparken med :) De svartvita bilderna \u00e4r fr\u00e5n Rom och jag tog ut dessa tre till en kollektionst\u00e4vling p\u00e5 Sundsvalls Fotoklubb i augusti. Det blev delad tredjeplats, f\u00f6rsta placeringen f\u00f6r mig i\u00a0klubbens \u00e5rliga\u00a0kollektionst\u00e4vling :D De symboliserar tro, hopp och k\u00e4rlek och \u00e4r h\u00e4mtade fr\u00e5n tre k\u00e4nda platser i Rom. St. Peterskyrkan s\u00e5klart, h\u00e5let i taket \u00e4r fr\u00e5n Pantheon och l\u00e5sen h\u00e4nger vid Fontana di Trevi. L\u00e5s och k\u00e4rlek \u00e4r en schysst kombination eller kontrast som appellerar till de teser och frihet och beroende som\u00a0vi l\u00e4ser om i sociologin :)<\/p>ngg_shortcode_0_placeholder","protected":false},"excerpt":{"rendered":"<p>I juli 2008 var hela familjen\u00a0p\u00e5 semester i Italien. Vi b\u00f6rjade med tv\u00e5 veckor p\u00e5 en bondg\u00e5rd i Tignano som ligger i norra Toscana, \u00e5tta mil fr\u00e5n Florens, strax utanf\u00f6r en liten by som heter Casole d&#8217;Elsa. Det var helt suver\u00e4nt! Stor pool p\u00e5 g\u00e5rden med solstolar och gr\u00e4s och sm\u00e5kryp runtomkring :) Solstolar f\u00f6r&hellip;<\/p>\n","protected":false},"author":2,"featured_media":0,"parent":0,"menu_order":0,"comment_status":"open","ping_status":"open","template":"document-page.php","meta":{"ngg_post_thumbnail":0,"footnotes":""},"class_list":["post-243","page","type-page","status-publish","hentry"],"aioseo_notices":[],"_links":{"self":[{"href":"https:\/\/www.petera.se\/blog\/wp-json\/wp\/v2\/pages\/243","targetHints":{"allow":["GET"]}}],"collection":[{"href":"https:\/\/www.petera.se\/blog\/wp-json\/wp\/v2\/pages"}],"about":[{"href":"https:\/\/www.petera.se\/blog\/wp-json\/wp\/v2\/types\/page"}],"author":[{"embeddable":true,"href":"https:\/\/www.petera.se\/blog\/wp-json\/wp\/v2\/users\/2"}],"replies":[{"embeddable":true,"href":"https:\/\/www.petera.se\/blog\/wp-json\/wp\/v2\/comments?post=243"}],"version-history":[{"count":5,"href":"https:\/\/www.petera.se\/blog\/wp-json\/wp\/v2\/pages\/243\/revisions"}],"predecessor-version":[{"id":246,"href":"https:\/\/www.petera.se\/blog\/wp-json\/wp\/v2\/pages\/243\/revisions\/246"}],"wp:attachment":[{"href":"https:\/\/www.petera.se\/blog\/wp-json\/wp\/v2\/media?parent=243"}],"curies":[{"name":"wp","href":"https:\/\/api.w.org\/{rel}","templated":true}]}}