{"id":77,"date":"2008-04-16T22:07:08","date_gmt":"2008-04-16T20:07:08","guid":{"rendered":"http:\/\/www.petera.se\/blog\/?page_id=77"},"modified":"2012-10-24T22:03:13","modified_gmt":"2012-10-24T20:03:13","slug":"gaudis-barcelona","status":"publish","type":"page","link":"https:\/\/www.petera.se\/blog\/gaudis-barcelona","title":{"rendered":"Galleri: Gaudis Barcelona"},"content":{"rendered":"<p>Ett f\u00f6rsta f\u00f6rs\u00f6k att publicera bilder h\u00e4r p\u00e5 peterA.se. Jag \u00e4r inte helt s\u00e4ker \u00e4n huruvida jag \u00e4r n\u00f6jd med resultatet. Hursomhelst s\u00e5 \u00e4r jag v\u00e4ldigt n\u00f6jd med bilderna :)<\/p>\n<p>Det f\u00f6rsta galleriet inneh\u00e5ller bilder fr\u00e5n Barcelona. H\u00f6sten 2007 tillbringade jag och Mia en l\u00e5ng weekend i Barcelona med mycket foto, mycket arkitektur och mycket Gaudi &#8211; f\u00f6rutom allt \u00f6vrigt mysigt ;) Jag har l\u00e4ngtat till Barcelona under halva mitt liv och fick \u00e4ntligen uppleva Sagrada Familia och n\u00e5gra andra under skapade av Antoni Gaudi, en makal\u00f6s person. Inf\u00f6r hans konst fick jag pl\u00f6tsligt sv\u00e5rt att hitta s\u00e4tt att skapa bilder. Jag var f\u00f6r uppslukad och upprymd av hans skapelsers djupa sk\u00f6nhet. De f\u00f6rs\u00f6k jag \u00e4nd\u00e5 gjort ser du i det h\u00e4r galleriet.<\/p>\nngg_shortcode_0_placeholder\n","protected":false},"excerpt":{"rendered":"<p>Ett f\u00f6rsta f\u00f6rs\u00f6k att publicera bilder h\u00e4r p\u00e5 peterA.se. Jag \u00e4r inte helt s\u00e4ker \u00e4n huruvida jag \u00e4r n\u00f6jd med resultatet. Hursomhelst s\u00e5 \u00e4r jag v\u00e4ldigt n\u00f6jd med bilderna :) Det f\u00f6rsta galleriet inneh\u00e5ller bilder fr\u00e5n Barcelona. H\u00f6sten 2007 tillbringade jag och Mia en l\u00e5ng weekend i Barcelona med mycket foto, mycket arkitektur och mycket&hellip;<\/p>\n","protected":false},"author":2,"featured_media":0,"parent":0,"menu_order":0,"comment_status":"open","ping_status":"open","template":"document-page.php","meta":{"ngg_post_thumbnail":0,"footnotes":""},"class_list":["post-77","page","type-page","status-publish","hentry"],"aioseo_notices":[],"_links":{"self":[{"href":"https:\/\/www.petera.se\/blog\/wp-json\/wp\/v2\/pages\/77","targetHints":{"allow":["GET"]}}],"collection":[{"href":"https:\/\/www.petera.se\/blog\/wp-json\/wp\/v2\/pages"}],"about":[{"href":"https:\/\/www.petera.se\/blog\/wp-json\/wp\/v2\/types\/page"}],"author":[{"embeddable":true,"href":"https:\/\/www.petera.se\/blog\/wp-json\/wp\/v2\/users\/2"}],"replies":[{"embeddable":true,"href":"https:\/\/www.petera.se\/blog\/wp-json\/wp\/v2\/comments?post=77"}],"version-history":[{"count":4,"href":"https:\/\/www.petera.se\/blog\/wp-json\/wp\/v2\/pages\/77\/revisions"}],"predecessor-version":[{"id":2577,"href":"https:\/\/www.petera.se\/blog\/wp-json\/wp\/v2\/pages\/77\/revisions\/2577"}],"wp:attachment":[{"href":"https:\/\/www.petera.se\/blog\/wp-json\/wp\/v2\/media?parent=77"}],"curies":[{"name":"wp","href":"https:\/\/api.w.org\/{rel}","templated":true}]}}