{"id":790,"date":"2009-05-05T22:27:29","date_gmt":"2009-05-05T20:27:29","guid":{"rendered":"http:\/\/www.petera.se\/blog\/?page_id=790"},"modified":"2009-06-09T19:58:30","modified_gmt":"2009-06-09T17:58:30","slug":"delkurs-a-4-arbetslivssociologi","status":"publish","type":"page","link":"https:\/\/www.petera.se\/blog\/sociologi-mittuniversitetet\/sociologi-gr-a-2008\/delkurs-a-4-arbetslivssociologi","title":{"rendered":"Delkurs A-4: Arbetslivssociologi"},"content":{"rendered":"<p>I kursen kommer det segregerade arbetslivet att st\u00e4llas i fokus. Syftet \u00e4r att vi med hj\u00e4lp av kurslitteraturen skall l\u00e4ra\u00a0oss att analysera arbetslivets sociala strukturer s\u00e5 att vi i slutet av kursen sj\u00e4lvst\u00e4ndigt kan anv\u00e4nda kurslitteraturen f\u00f6r att bearbeta ett arbetslivsrelaterat problem med avseende p\u00e5 k\u00f6n, klass och etnicitet. Sp\u00e4nnande :)<\/p>\n<p>Kursen\u00a0\u00e4r delad i fyra teman, enligt normalt uppl\u00e4gg. Dessa teman syftar till att skapa en r\u00f6d tr\u00e5d genom kursen samtidigt som de f\u00f6rdelar arbetsb\u00f6rdan \u00f6ver tid. De f\u00f6rsta tre temana behandlar kurslitteraturen var f\u00f6r sig och det fj\u00e4rde f\u00f6rv\u00e4ntas sy ihop kursen genom att de olika perspektiven relateras till varandra och till\u00e4mpas p\u00e5 n\u00e5got arbetslivsrelaterat problem. Den sista uppgiften kommer lagom till slutspurten inf\u00f6r semestrar och skollov och kommer att inneb\u00e4ra en extra utmaning ;)<\/p>\n<p>\u00a0Litteratur som vi l\u00e4ser \u00e4r:<br \/>\n1 &#8211; Edgell S., <em>The sociology of work<\/em>.\u00a0<br \/>\n2 &#8211; Connell R.W.,\u00a0<em>Maskuliniteter<\/em>.<br \/>\n3 &#8211; Gunnarsson E., <em>Kors &amp; Tv\u00e4rs<\/em>\u00a0<\/p>\n<hr \/>\n<p><strong>Tema 1. Arbetsliv och samh\u00e4lle<\/strong><\/p>\n<p>F\u00f6rst ut \u00e4r ett tema om arbetslivssociologi i allm\u00e4nhet.<\/p>\n<p>Under detta tema skall vi unders\u00f6ka vad som \u00e4r arbetslivssociologins studieomr\u00e5de. Den bok ni skall l\u00e4sa inneh\u00e5ller flera exempel p\u00e5 arbetslivssociologiska studier.\u00a0<\/p>\n<p>Uppgiften best\u00e5r i att du som student recenserar tv\u00e5 kapitel ur boken the Sociology of Work. Du kommer att bli tilldelad de kapitel du skall recensera. Ett av kapitlen ger en bred introduktion till arbetsliv och samh\u00e4lle och recenseras av alla. Det andra kapitlet blir du s\u00e4rskilt tilldelad och skall publiceras i WebCT d\u00e4r ni studenter kan ta del och l\u00e4ra av varandras. Utg\u00e5 ifr\u00e5n f\u00f6ljande instruktioner:\u00a0<\/p>\n<p><em>\u00a0\u00a0\u00a0 En bok\/artikelrecension \u00e4r ett s\u00e4tt att presentera en bok eller en artikel f\u00f6r andra l\u00e4sare. Den som recenserar f\u00f6rmedlar dock sin egen uppfattning om det som recenseras och \u00e4r d\u00e4rf\u00f6r personlig. En recension kan ses som en introduktion till texten.<\/em><\/p>\n<p><em>\u00a0\u00a0\u00a0 En recension b\u00f6r inneh\u00e5lla en kort sammanfattning av textens handling (fr\u00e5gest\u00e4llning\/tes, metod, resultat och slutsatser).<\/em><\/p>\n<p><em>\u00a0\u00a0\u00a0 I det personliga omd\u00f6met kan man ta upp flera olika aspekter av texten. Hur spr\u00e5ket upplevs, om texten h\u00e5ller ihop och fungerar, trov\u00e4rdighet etc.<\/em><\/p>\n<p><em>\u00a0\u00a0\u00a0 Den viktigaste uppgiften \u00e4r att f\u00f6rmedla en \u00e5sikt om texten f\u00f6r andra l\u00e4sare och d\u00e4rf\u00f6r \u00e4r det viktigt att f\u00f6rs\u00f6ka beskriva hur man sj\u00e4lv upplevde den. Hur pass tycker du att f\u00f6rfattaren lyckas med sina intentioner oavsett om man h\u00e5ller med f\u00f6rfattaren i sak.<\/em><\/p>\n<p><em>max 2 A4-sidor per recension<\/em><\/p>\n<p><strong>Svar: <\/strong>Ladda ner\u00a0<a href=\"https:\/\/www.petera.se\/blog\/wp-content\/uploads\/2009\/05\/delkurs-4-examinationsuppgift-1-rec-1-reva.pdf\">Recension 1 &#8211; pdf<\/a>\u00a0och <a href=\"https:\/\/www.petera.se\/blog\/wp-content\/uploads\/2009\/05\/delkurs-4-examinationsuppgift-1-rec-2-reva.pdf\">Recension 2 &#8211; pdf<\/a>.<\/p>\n<p><strong>Betyg:<\/strong> <strong><span style=\"color: #008000;\">Godk\u00e4nt.<\/span><\/strong> Peter, h\u00e4r kommer mina kommentarer p\u00e5 dina b\u00e5da recensioner: Du beh\u00e4rskar rescensionsformen v\u00e4ldigt v\u00e4l. B\u00f6rjar bra med en relevant, v\u00e4l sammanfattad och inte f\u00f6r detaljerad beskrivning av texterna du l\u00e4st. Du skriver med en personlig stil och kopplar till egna reflektioner s\u00e5 att l\u00e4saren av recensionen kan f\u00f6rst\u00e5 hur du sett p\u00e5 texten du recenserar. Denna examinationsdel betygs\u00e4tts endast med betyg godk\u00e4nd eller icke godk\u00e4nd. Du \u00e4r godk\u00e4nd utan problem. H\u00e4lsar Angelika<\/p>\n<hr \/>\n<p><strong>Tema 2. <span style=\"font-size: 9.5pt; color: black; font-family: Verdana;\">Genus<\/span><\/strong><\/p>\n<p class=\"MsoNormal\" style=\"margin: 0cm 0cm 0pt;\"><span style=\"font-size: 9.5pt; color: black; font-family: Verdana;\">Connell talar i boken om kampen att f\u00f6r\u00e4ndra den hegemoniska maskuliniteten. Hur beskriver Connell hegemonisk maskulinitet? Varf\u00f6r \u00e4r det viktigt att f\u00f6r\u00e4ndra den? P\u00e5 vilka s\u00e4tt f\u00f6resl\u00e5r Connell att s\u00e5dana f\u00f6r\u00e4ndringar kan g\u00f6ras? Hur t\u00e4nker du kring dessa fr\u00e5gor n\u00e4r du l\u00e4ser Connells bok?<\/span><\/p>\n<p>Varje elev skriver ett debattinl\u00e4gg utifr\u00e5n fr\u00e5gorna ovan, med korrekt h\u00e4nvisning till Connells skrifter. Dessutom ska alla skriva minst en kommentar p\u00e5 n\u00e5gon annans debattinl\u00e4gg d\u00e4r Connell refereras.<\/p>\n<p><strong>Svar: <\/strong>Hegemonisk maskulinitet definieras av Connell som &#8221;<em>den konfiguration av genuspraktik som inneh\u00e5ller den f\u00f6r tillf\u00e4llet accepterade svaret p\u00e5 fr\u00e5gan om patriarkatets legitimitet<\/em>&#8221;. Trots att Connell skriver att det \u00e4r en konfiguration av genuspraktik, ska vi inte f\u00f6rledas att tro att det \u00e4r en statisk konstruktion, snarare en l\u00f6pande process (Connell, 2008:110). Connell menar att den maskulina hegemonin utvecklas \u00f6ver tiden (Connell, 2008:115) och att dess utveckling p\u00e5verkar och p\u00e5verkas av alla dess akt\u00f6rer, vilket kan upplevas som mycket mer komplext att studera. Hegemoni som ord betyder &#8221;ledarskap&#8221; eller &#8221;ledande st\u00e4llning&#8221;, ofta med ett medf\u00f6rt intresse av att bibeh\u00e5lla denna hegemoni, och enligt Connell inneb\u00e4r hegemoni kulturell dominans (Connell, 2008:116). Hegemonisk maskulinitet \u00e4r allts\u00e5 den kulturella bild av den maskulinitet som v\u00e4rderas h\u00f6gst i samh\u00e4llet vid ett givet tillf\u00e4lle. Den maskulinitet som i situation och tidsepok \u00e4r starkast, den vi ser upp till och idealiserar, den vi uppfattar som normerande i samh\u00e4llet i stort. Denna bild, som \u00e4ndrats \u00f6ver \u00e5ren, inneh\u00e5ller uppfattningar om att mannen \u00e4r den starkaste och den som best\u00e4mmer, \u00e4r kalkylerande rationell och planerande (Connell, 2008:200).<\/p>\n<p>Connell visar p\u00e5 olika s\u00e4tt upp bilder av den hegemoniska maskuliniteten som kan tolkas som negativ av mig som l\u00e4sare, v\u00e5ld och snedf\u00f6rdelad makt till f\u00f6rm\u00e5n f\u00f6r aktiva hegemoniska m\u00e4n och passiva men av den hegemoniska strukturen f\u00f6rdels\u00e5tnjutande m\u00e4n. Han beskriver ocks\u00e5 m\u00e4ngder av r\u00f6relser som arbetar f\u00f6r en f\u00f6r\u00e4ndring, b\u00e5de p\u00e5 lokalt och internationellt plan. D\u00e4remot har jag sv\u00e5rt att identifiera Connells tydliga argumentation om varf\u00f6r det \u00e4r viktigt, och vad han sj\u00e4lv f\u00f6resl\u00e5r. Den h\u00e5llning han intar \u00e4r till f\u00f6r stor del betraktarens. Eller \u00e4r det jag som kr\u00e4ver en tydligare argumentation eller agitation?<\/p>\n<p>Att jag sj\u00e4lv \u00e4r f\u00e5nge i det Connell kallas hegemonisk maskulinitet var att mitt s\u00e4tt att l\u00e4sa hans, eller kanske jag ska skriva hennes, bok \u00e4ndrades efter att jag i mitt intresse av att f\u00e5 mer kunskap om f\u00f6rfattaren insett att han sj\u00e4lv bytt k\u00f6n, och g\u00e5tt igenom m\u00e5nga utan situationerna han beskriver i boken. Jag belamrades med m\u00e4ngder av f\u00f6rdomar och fantasier om hur detta kan ha p\u00e5verkat inriktningen i boken, att han haft sv\u00e5rt att vara riktigt objektiv, kraftigt p\u00e5verkad av sitt studieobjekt som han m\u00e5ste vara, och pl\u00f6tsligt gav jag den inte lika mycket v\u00e4rde som tidigare. Helt paradoxalt och vansinnigt korkat! S\u00e5 starkt kan de kulturella strukturerna p\u00e5verka oss, vilket p\u00e5 vissa s\u00e4tt ger Connell r\u00e4tt :)<\/p>\n<p><strong>Betyg:<\/strong> <strong><span style=\"color: #008000;\">Godk\u00e4nd.<\/span><\/strong> Hej! Tack f\u00f6r att du deltog i debatten om &#8221;Maskuliniteter&#8221;. Du \u00e4r nu godk\u00e4nd p\u00e5 tema 2. H\u00e4lsningar Angelika<\/p>\n<hr \/>\n<p><strong>Tema 3. <span style=\"font-size: 9.5pt; color: black; font-family: Verdana;\">Genus<\/span><\/strong><\/p>\n<p class=\"MsoNormal\" style=\"margin: 0cm 0cm 0pt;\"><span style=\"font-size: 9.5pt; color: black; font-family: Verdana;\">Boken &#8221;Kors och tv\u00e4rs&#8221; av Gunnarsson, Neergard &amp; Nilsson (red) inneh\u00e5ller arton studier med koppling till arbetslivet. Dessa har alla gemensamt att de anv\u00e4nder sig av en intersektionell analys.<\/span><\/p>\n<p>I denna uppgift skall du fundera \u00f6ver det intersektionella perspektivet och besvara f\u00f6ljande fr\u00e5gor:<\/p>\n<ol type=\"1\">\n<li><em>Vad \u00e4r ett intersektionellt perspektiv?<\/em> (skriv ca en halv sida om vad det inneb\u00e4r att analysera intersektionellt)<\/li>\n<li><em>Vad \u00e4r f\u00f6rdelarna med det intersektionella perspektivet?<\/em> (skriv ca 1 sida om f\u00f6rdelarna med det intersektionella perspektivet. Ta n\u00e5gra exempel fr\u00e5n studierna i boken och <strong>motivera <\/strong>varf\u00f6r du tycker att de exempel du valt illustrerar dessa f\u00f6rdelar)<\/li>\n<li><em>Finns det nackdelar med intersektionalitet?<\/em> (skriv ca 1 sida d\u00e4r du tar upp n\u00e5gra exempel fr\u00e5n studier i boken d\u00e4r du tycker att den intersektionella analysen inte fungerat lika bra. Vad kan bli problematiskt med en intersektionell analys? <strong>Motivera v\u00e4l<\/strong>.)<\/li>\n<\/ol>\n<p><strong>Svar: <\/strong>Ladda ner\u00a0<a href=\"https:\/\/www.petera.se\/blog\/wp-content\/uploads\/2009\/05\/delkurs-4-examinationsuppgift-3-reva.pdf\">pdf<\/a>.<\/p>\n<p><strong>Betyg: <span style=\"color: #008000;\">Godk\u00e4nd.<\/span><\/strong> Hej Peter, du disponerar din text p\u00e5 ett bra s\u00e4tt. Det syns ocks\u00e5 i texten att du engagerar dig i detta \u00e4mne. Du har kunnat motivera dina reflektioner v\u00e4l och svarat p\u00e5 de tre fr\u00e5gorna i uppgiften. Bara att forts\u00e4tta jobba p\u00e5! Angelika<\/p>\n<p><strong><\/strong><\/p>\n<hr \/>\n<p><strong>Tema 4. <span style=\"font-size: 9.5pt; color: black; font-family: Verdana;\">Till\u00e4mpning<\/span><\/strong><\/p>\n<p>L\u00e4s f\u00f6rst hur examinationen av tema 4 beskrivs i Studiehandledningen f\u00f6r kursen. Uppgiften \u00e4r att:<\/p>\n<ol type=\"1\">\n<li>v\u00e4lja ut minst en artikel ut tex dagspressen som du tycker \u00e4r relevant f\u00f6r en analys av makt och underordning i arbetslivet.<\/li>\n<li>du skall sedan skriva en uppsats d\u00e4r du anv\u00e4nder din artikel som empiri. F\u00f6r att se vad en uppsats b\u00f6r inneh\u00e5lla och hur den kan vara upplagd, se <strong>Skrivguiden<\/strong> under fliken Tema 4.\u00a0\u00a0<\/li>\n<\/ol>\n<p><em>Formkrav:<br \/>\n<\/em>Uppsatsen b\u00f6r vara ca 10 sidor. Den ska skivas i Times med 12 punkter och 1,5 radavst\u00e5nd. Korrekta referenser till alla tre b\u00f6ckerna i kurslitteraturen m\u00e5ste finnas med f\u00f6r att arbetet skall bli godk\u00e4nt.<\/p>\n<p><strong>Svar: <\/strong>Ladda ner\u00a0<a href=\"https:\/\/www.petera.se\/blog\/wp-content\/uploads\/2009\/05\/makt-och-underordning-i-arbetslivet-peter-axelsson-2009.pdf\">Makt och underordning i arbetslivet<\/a>.<\/p>\n<p><strong>Betyg:<\/strong> <strong><span style=\"color: #008000;\">B.<\/span> <\/strong>Hej Peter, det har varit roligt att f\u00f6lja dina tankar genom den h\u00e4r kursen. Det m\u00e4rks att du \u00e4r engagerad och har ett pragmatiskt f\u00f6rh\u00e5llningss\u00e4tt till de teoretiska resonemangen.<br \/>\nDet betyg som ges f\u00f6r den h\u00e4r examinationen \u00e4r det betyg som g\u00e4ller f\u00f6r hela kursen, och som kommer att l\u00e4ggas in i Ladok. Din uppsats kommer tillbaka med post, s\u00e5 du kan se mina kommentarer direkt i texten.<\/p>\n<p>Glad sommar!<br \/>\nAngelika<\/p>\n","protected":false},"excerpt":{"rendered":"<p>I kursen kommer det segregerade arbetslivet att st\u00e4llas i fokus. Syftet \u00e4r att vi med hj\u00e4lp av kurslitteraturen skall l\u00e4ra\u00a0oss att analysera arbetslivets sociala strukturer s\u00e5 att vi i slutet av kursen sj\u00e4lvst\u00e4ndigt kan anv\u00e4nda kurslitteraturen f\u00f6r att bearbeta ett arbetslivsrelaterat problem med avseende p\u00e5 k\u00f6n, klass och etnicitet. Sp\u00e4nnande :) Kursen\u00a0\u00e4r delad i fyra&hellip;<\/p>\n","protected":false},"author":2,"featured_media":0,"parent":229,"menu_order":0,"comment_status":"open","ping_status":"open","template":"document-page.php","meta":{"ngg_post_thumbnail":0,"footnotes":""},"class_list":["post-790","page","type-page","status-publish","hentry"],"aioseo_notices":[],"_links":{"self":[{"href":"https:\/\/www.petera.se\/blog\/wp-json\/wp\/v2\/pages\/790","targetHints":{"allow":["GET"]}}],"collection":[{"href":"https:\/\/www.petera.se\/blog\/wp-json\/wp\/v2\/pages"}],"about":[{"href":"https:\/\/www.petera.se\/blog\/wp-json\/wp\/v2\/types\/page"}],"author":[{"embeddable":true,"href":"https:\/\/www.petera.se\/blog\/wp-json\/wp\/v2\/users\/2"}],"replies":[{"embeddable":true,"href":"https:\/\/www.petera.se\/blog\/wp-json\/wp\/v2\/comments?post=790"}],"version-history":[{"count":7,"href":"https:\/\/www.petera.se\/blog\/wp-json\/wp\/v2\/pages\/790\/revisions"}],"predecessor-version":[{"id":819,"href":"https:\/\/www.petera.se\/blog\/wp-json\/wp\/v2\/pages\/790\/revisions\/819"}],"up":[{"embeddable":true,"href":"https:\/\/www.petera.se\/blog\/wp-json\/wp\/v2\/pages\/229"}],"wp:attachment":[{"href":"https:\/\/www.petera.se\/blog\/wp-json\/wp\/v2\/media?parent=790"}],"curies":[{"name":"wp","href":"https:\/\/api.w.org\/{rel}","templated":true}]}}